{"id":2749,"date":"2022-10-20T09:47:52","date_gmt":"2022-10-20T09:47:52","guid":{"rendered":"https:\/\/apcataller.com\/serveis\/interiorisme\/"},"modified":"2023-01-19T13:10:03","modified_gmt":"2023-01-19T13:10:03","slug":"interiorisme","status":"publish","type":"page","link":"https:\/\/apcataller.com\/ca\/serveis\/interiorisme\/","title":{"rendered":"Interiorisme"},"content":{"rendered":"\t\t<div data-elementor-type=\"wp-post\" data-elementor-id=\"2749\" class=\"elementor elementor-2749 elementor-996\">\n\t\t\t\t\t\t\t\t\t<section class=\"elementor-section elementor-top-section elementor-element elementor-element-d33eea4 elementor-section-full_width elementor-section-height-default elementor-section-height-default\" data-id=\"d33eea4\" data-element_type=\"section\" data-settings=\"{&quot;background_background&quot;:&quot;classic&quot;}\">\n\t\t\t\t\t\t<div class=\"elementor-container elementor-column-gap-default\">\n\t\t\t\t\t<div class=\"elementor-column elementor-col-100 elementor-top-column elementor-element elementor-element-e787685\" data-id=\"e787685\" data-element_type=\"column\">\n\t\t\t<div class=\"elementor-widget-wrap elementor-element-populated\">\n\t\t\t\t\t\t\t\t<div class=\"elementor-element elementor-element-bbfc2e3 elementor-widget elementor-widget-heading\" data-id=\"bbfc2e3\" data-element_type=\"widget\" data-widget_type=\"heading.default\">\n\t\t\t\t<div class=\"elementor-widget-container\">\n\t\t\t<style>\/*! elementor - v3.10.1 - 17-01-2023 *\/\n.elementor-heading-title{padding:0;margin:0;line-height:1}.elementor-widget-heading .elementor-heading-title[class*=elementor-size-]>a{color:inherit;font-size:inherit;line-height:inherit}.elementor-widget-heading .elementor-heading-title.elementor-size-small{font-size:15px}.elementor-widget-heading .elementor-heading-title.elementor-size-medium{font-size:19px}.elementor-widget-heading .elementor-heading-title.elementor-size-large{font-size:29px}.elementor-widget-heading .elementor-heading-title.elementor-size-xl{font-size:39px}.elementor-widget-heading .elementor-heading-title.elementor-size-xxl{font-size:59px}<\/style><h1 class=\"elementor-heading-title elementor-size-default\">Interiorisme<\/h1>\t\t<\/div>\n\t\t\t\t<\/div>\n\t\t\t\t<div class=\"elementor-element elementor-element-ff3df20 elementor-widget elementor-widget-breadcrumbs\" data-id=\"ff3df20\" data-element_type=\"widget\" data-widget_type=\"breadcrumbs.default\">\n\t\t\t\t<div class=\"elementor-widget-container\">\n\t\t\t<p id=\"breadcrumbs\"><span><span><a href=\"https:\/\/apcataller.com\/ca\/\">Inici<\/a><\/span><\/span><\/p>\t\t<\/div>\n\t\t\t\t<\/div>\n\t\t\t\t\t<\/div>\n\t\t<\/div>\n\t\t\t\t\t\t\t<\/div>\n\t\t<\/section>\n\t\t\t\t<section class=\"elementor-section elementor-top-section elementor-element elementor-element-d570541 elementor-section-full_width elementor-section-content-top elementor-section-height-default elementor-section-height-default\" data-id=\"d570541\" data-element_type=\"section\">\n\t\t\t\t\t\t<div class=\"elementor-container elementor-column-gap-wider\">\n\t\t\t\t\t<div class=\"elementor-column elementor-col-50 elementor-top-column elementor-element elementor-element-04e189c\" data-id=\"04e189c\" data-element_type=\"column\">\n\t\t\t<div class=\"elementor-widget-wrap elementor-element-populated\">\n\t\t\t\t\t\t\t\t<div class=\"elementor-element elementor-element-0dd7800 elementor-widget elementor-widget-text-editor\" data-id=\"0dd7800\" data-element_type=\"widget\" data-widget_type=\"text-editor.default\">\n\t\t\t\t<div class=\"elementor-widget-container\">\n\t\t\t<style>\/*! elementor - v3.10.1 - 17-01-2023 *\/\n.elementor-widget-text-editor.elementor-drop-cap-view-stacked .elementor-drop-cap{background-color:#818a91;color:#fff}.elementor-widget-text-editor.elementor-drop-cap-view-framed .elementor-drop-cap{color:#818a91;border:3px solid;background-color:transparent}.elementor-widget-text-editor:not(.elementor-drop-cap-view-default) .elementor-drop-cap{margin-top:8px}.elementor-widget-text-editor:not(.elementor-drop-cap-view-default) .elementor-drop-cap-letter{width:1em;height:1em}.elementor-widget-text-editor .elementor-drop-cap{float:left;text-align:center;line-height:1;font-size:50px}.elementor-widget-text-editor .elementor-drop-cap-letter{display:inline-block}<\/style>\t\t\t\t<p><span style=\"font-weight: 400;\">Millora, adaptaci\u00f3 o adequaci\u00f3 d\u2019una construcci\u00f3 ja existent.<\/span><\/p>\n<p><span style=\"font-weight: 400;\">Ens permet la personalitzaci\u00f3 d\u2019espais i concepci\u00f3 d\u2019un ambient a la mida de les persones que en faran \u00fas.<\/span><\/p>\n<p><span style=\"font-weight: 400;\">Atenci\u00f3 als detalls i selecci\u00f3 dels materials m\u00e9s indicats. Control total del pressupost evitant possibles desviacions i minimitzant el risc a causa d\u2019imprevistos. Permet al client despreocupar-se de tot el desenvolupament del projecte. <\/span><\/p>\n\t\t\t\t\t\t<\/div>\n\t\t\t\t<\/div>\n\t\t\t\t\t<\/div>\n\t\t<\/div>\n\t\t\t\t<div class=\"elementor-column elementor-col-50 elementor-top-column elementor-element elementor-element-335b45e\" data-id=\"335b45e\" data-element_type=\"column\" data-settings=\"{&quot;background_background&quot;:&quot;classic&quot;}\">\n\t\t\t<div class=\"elementor-widget-wrap\">\n\t\t\t\t\t\t\t\t\t<\/div>\n\t\t<\/div>\n\t\t\t\t\t\t\t<\/div>\n\t\t<\/section>\n\t\t\t\t<section class=\"elementor-section elementor-top-section elementor-element elementor-element-c337565 elementor-section-full_width elementor-section-content-middle elementor-section-height-default elementor-section-height-default\" data-id=\"c337565\" data-element_type=\"section\">\n\t\t\t\t\t\t<div class=\"elementor-container elementor-column-gap-default\">\n\t\t\t\t\t<div class=\"elementor-column elementor-col-50 elementor-top-column elementor-element elementor-element-3ac465e\" data-id=\"3ac465e\" data-element_type=\"column\" data-settings=\"{&quot;background_background&quot;:&quot;slideshow&quot;,&quot;background_slideshow_gallery&quot;:[{&quot;id&quot;:2406,&quot;url&quot;:&quot;https:\\\/\\\/apcataller.com\\\/wp-content\\\/uploads\\\/2022\\\/12\\\/Bonaplata-H-0-3-scaled.jpg&quot;},{&quot;id&quot;:2366,&quot;url&quot;:&quot;https:\\\/\\\/apcataller.com\\\/wp-content\\\/uploads\\\/2022\\\/12\\\/1024x683.jpg&quot;},{&quot;id&quot;:1279,&quot;url&quot;:&quot;https:\\\/\\\/apcataller.com\\\/wp-content\\\/uploads\\\/2022\\\/11\\\/Maracaibo-0.jpg&quot;},{&quot;id&quot;:24,&quot;url&quot;:&quot;https:\\\/\\\/apcataller.com\\\/wp-content\\\/uploads\\\/2022\\\/09\\\/Apca-Home-cocina.jpg&quot;},{&quot;id&quot;:567,&quot;url&quot;:&quot;https:\\\/\\\/apcataller.com\\\/wp-content\\\/uploads\\\/2022\\\/09\\\/Maracaibo-2.webp&quot;}],&quot;background_slideshow_loop&quot;:&quot;yes&quot;,&quot;background_slideshow_slide_duration&quot;:5000,&quot;background_slideshow_slide_transition&quot;:&quot;fade&quot;,&quot;background_slideshow_transition_duration&quot;:500}\">\n\t\t\t<div class=\"elementor-widget-wrap elementor-element-populated\">\n\t\t\t\t\t\t\t\t<div class=\"elementor-element elementor-element-7dcf11f elementor-widget elementor-widget-spacer\" data-id=\"7dcf11f\" data-element_type=\"widget\" data-widget_type=\"spacer.default\">\n\t\t\t\t<div class=\"elementor-widget-container\">\n\t\t\t<style>\/*! elementor - v3.10.1 - 17-01-2023 *\/\n.elementor-column .elementor-spacer-inner{height:var(--spacer-size)}.e-con{--container-widget-width:100%}.e-con-inner>.elementor-widget-spacer,.e-con>.elementor-widget-spacer{width:var(--container-widget-width,var(--spacer-size));--align-self:var(--container-widget-align-self,initial);--flex-shrink:0}.e-con-inner>.elementor-widget-spacer>.elementor-widget-container,.e-con-inner>.elementor-widget-spacer>.elementor-widget-container>.elementor-spacer,.e-con>.elementor-widget-spacer>.elementor-widget-container,.e-con>.elementor-widget-spacer>.elementor-widget-container>.elementor-spacer{height:100%}.e-con-inner>.elementor-widget-spacer>.elementor-widget-container>.elementor-spacer>.elementor-spacer-inner,.e-con>.elementor-widget-spacer>.elementor-widget-container>.elementor-spacer>.elementor-spacer-inner{height:var(--container-widget-height,var(--spacer-size))}<\/style>\t\t<div class=\"elementor-spacer\">\n\t\t\t<div class=\"elementor-spacer-inner\"><\/div>\n\t\t<\/div>\n\t\t\t\t<\/div>\n\t\t\t\t<\/div>\n\t\t\t\t\t<\/div>\n\t\t<\/div>\n\t\t\t\t<div data-dce-background-color=\"#000000\" class=\"elementor-column elementor-col-50 elementor-top-column elementor-element elementor-element-1fb1be7\" data-id=\"1fb1be7\" data-element_type=\"column\" data-settings=\"{&quot;background_background&quot;:&quot;classic&quot;}\">\n\t\t\t<div class=\"elementor-widget-wrap elementor-element-populated\">\n\t\t\t\t\t\t\t\t<div class=\"elementor-element elementor-element-2e0f383 elementor-widget elementor-widget-heading\" data-id=\"2e0f383\" data-element_type=\"widget\" data-widget_type=\"heading.default\">\n\t\t\t\t<div class=\"elementor-widget-container\">\n\t\t\t<h2 class=\"elementor-heading-title elementor-size-default\">Taller Antoni Pinyol Cort Associats.<\/h2>\t\t<\/div>\n\t\t\t\t<\/div>\n\t\t\t\t<div class=\"elementor-element elementor-element-6892a05 elementor-widget elementor-widget-text-editor\" data-id=\"6892a05\" data-element_type=\"widget\" data-widget_type=\"text-editor.default\">\n\t\t\t\t<div class=\"elementor-widget-container\">\n\t\t\t\t\t\t\t<p>Taller multidisciplinar amb intervencions d\u2019arquitectura, interiorisme, urbanisme i direcci\u00f3 creativa amb m\u00e9s de 500.000 m\u00b2 constru\u00efts d&#8217;obra p\u00fablica i privada amb diferents usos i tipologies.<\/p>\n\t\t\t\t\t\t<\/div>\n\t\t\t\t<\/div>\n\t\t\t\t\t<\/div>\n\t\t<\/div>\n\t\t\t\t\t\t\t<\/div>\n\t\t<\/section>\n\t\t\t\t<section class=\"elementor-section elementor-top-section elementor-element elementor-element-cdbfcc9 elementor-section-full_width elementor-section-height-default elementor-section-height-default\" data-id=\"cdbfcc9\" data-element_type=\"section\" data-settings=\"{&quot;background_background&quot;:&quot;classic&quot;}\">\n\t\t\t\t\t\t<div class=\"elementor-container elementor-column-gap-default\">\n\t\t\t\t\t<div class=\"elementor-column elementor-col-100 elementor-top-column elementor-element elementor-element-aeaadb6\" data-id=\"aeaadb6\" data-element_type=\"column\">\n\t\t\t<div class=\"elementor-widget-wrap elementor-element-populated\">\n\t\t\t\t\t\t\t\t<div class=\"elementor-element elementor-element-5a7200f elementor-widget__width-auto elementor-view-default elementor-widget elementor-widget-icon\" data-id=\"5a7200f\" data-element_type=\"widget\" data-widget_type=\"icon.default\">\n\t\t\t\t<div class=\"elementor-widget-container\">\n\t\t\t\t\t<div class=\"elementor-icon-wrapper\">\n\t\t\t<a class=\"elementor-icon elementor-animation-skew\" href=\"https:\/\/apcataller.com\/ca\/projectes\/\">\n\t\t\t<svg xmlns=\"http:\/\/www.w3.org\/2000\/svg\" width=\"62\" height=\"61\" viewBox=\"0 0 62 61\" fill=\"none\"><path d=\"M28.16 0.519999H33.8V28H61.76V33.64H33.8V61H28.16V33.64H0.0800002V28H28.16V0.519999Z\" fill=\"black\"><\/path><\/svg>\t\t\t<\/a>\n\t\t<\/div>\n\t\t\t\t<\/div>\n\t\t\t\t<\/div>\n\t\t\t\t<div class=\"elementor-element elementor-element-16f3edc elementor-widget__width-auto elementor-widget elementor-widget-heading\" data-id=\"16f3edc\" data-element_type=\"widget\" data-widget_type=\"heading.default\">\n\t\t\t\t<div class=\"elementor-widget-container\">\n\t\t\t<h3 class=\"elementor-heading-title elementor-size-default\"><a href=\"https:\/\/apcataller.com\/ca\/projectes\/\">Veure projectes d'interiorisme<\/a><\/h3>\t\t<\/div>\n\t\t\t\t<\/div>\n\t\t\t\t\t<\/div>\n\t\t<\/div>\n\t\t\t\t\t\t\t<\/div>\n\t\t<\/section>\n\t\t\t\t<section class=\"elementor-section elementor-top-section elementor-element elementor-element-a4f752a elementor-section-full_width elementor-section-height-default elementor-section-height-default\" data-id=\"a4f752a\" data-element_type=\"section\">\n\t\t\t\t\t\t<div class=\"elementor-container elementor-column-gap-default\">\n\t\t\t\t\t<div class=\"elementor-column elementor-col-100 elementor-top-column elementor-element elementor-element-e3beb07\" data-id=\"e3beb07\" data-element_type=\"column\">\n\t\t\t<div class=\"elementor-widget-wrap elementor-element-populated\">\n\t\t\t\t\t\t\t\t\t<\/div>\n\t\t<\/div>\n\t\t\t\t\t\t\t<\/div>\n\t\t<\/section>\n\t\t\t\t\t\t\t<\/div>\n\t\t","protected":false},"excerpt":{"rendered":"<p>Millora, adaptaci\u00f3 o adequaci\u00f3 d\u2019una construcci\u00f3 ja existent. Ens permet la personalitzaci\u00f3 d\u2019espais i concepci\u00f3 d\u2019un ambient a la mida de les persones que en faran \u00fas. Atenci\u00f3 als detalls i selecci\u00f3 dels materials m\u00e9s indicats. Control total del pressupost evitant possibles desviacions i minimitzant el risc a causa d\u2019imprevistos. Permet al client despreocupar-se de [&hellip;]<\/p>\n","protected":false},"author":1,"featured_media":0,"parent":2733,"menu_order":0,"comment_status":"closed","ping_status":"closed","template":"elementor_header_footer","meta":{"footnotes":""},"class_list":["post-2749","page","type-page","status-publish","hentry"],"yoast_head":"<!-- This site is optimized with the Yoast SEO plugin v20.0 - https:\/\/yoast.com\/wordpress\/plugins\/seo\/ -->\n<title>Interiorisme - APCA Taller<\/title>\n<meta name=\"robots\" content=\"index, follow, max-snippet:-1, max-image-preview:large, max-video-preview:-1\" \/>\n<link rel=\"canonical\" href=\"https:\/\/apcataller.com\/ca\/serveis\/interiorisme\/\" \/>\n<meta property=\"og:locale\" content=\"ca_ES\" \/>\n<meta property=\"og:type\" content=\"article\" \/>\n<meta property=\"og:title\" content=\"Interiorisme - APCA Taller\" \/>\n<meta property=\"og:description\" content=\"Millora, adaptaci\u00f3 o adequaci\u00f3 d\u2019una construcci\u00f3 ja existent. Ens permet la personalitzaci\u00f3 d\u2019espais i concepci\u00f3 d\u2019un ambient a la mida de les persones que en faran \u00fas. Atenci\u00f3 als detalls i selecci\u00f3 dels materials m\u00e9s indicats. Control total del pressupost evitant possibles desviacions i minimitzant el risc a causa d\u2019imprevistos. Permet al client despreocupar-se de [&hellip;]\" \/>\n<meta property=\"og:url\" content=\"https:\/\/apcataller.com\/ca\/serveis\/interiorisme\/\" \/>\n<meta property=\"og:site_name\" content=\"APCA Taller\" \/>\n<meta property=\"article:modified_time\" content=\"2023-01-19T13:10:03+00:00\" \/>\n<meta name=\"twitter:card\" content=\"summary_large_image\" \/>\n<meta name=\"twitter:label1\" content=\"Temps estimat de lectura\" \/>\n\t<meta name=\"twitter:data1\" content=\"1 minut\" \/>\n<script type=\"application\/ld+json\" class=\"yoast-schema-graph\">{\"@context\":\"https:\/\/schema.org\",\"@graph\":[{\"@type\":\"WebPage\",\"@id\":\"https:\/\/apcataller.com\/ca\/serveis\/interiorisme\/\",\"url\":\"https:\/\/apcataller.com\/ca\/serveis\/interiorisme\/\",\"name\":\"Interiorisme - APCA Taller\",\"isPartOf\":{\"@id\":\"https:\/\/apcataller.com\/ca\/#website\"},\"datePublished\":\"2022-10-20T09:47:52+00:00\",\"dateModified\":\"2023-01-19T13:10:03+00:00\",\"breadcrumb\":{\"@id\":\"https:\/\/apcataller.com\/ca\/serveis\/interiorisme\/#breadcrumb\"},\"inLanguage\":\"ca\",\"potentialAction\":[{\"@type\":\"ReadAction\",\"target\":[\"https:\/\/apcataller.com\/ca\/serveis\/interiorisme\/\"]}]},{\"@type\":\"BreadcrumbList\",\"@id\":\"https:\/\/apcataller.com\/ca\/serveis\/interiorisme\/#breadcrumb\",\"itemListElement\":[{\"@type\":\"ListItem\",\"position\":1,\"name\":\"Inici\",\"item\":\"https:\/\/apcataller.com\/ca\/\"},{\"@type\":\"ListItem\",\"position\":2,\"name\":\"Serveis\",\"item\":\"https:\/\/apcataller.com\/ca\/serveis\/\"},{\"@type\":\"ListItem\",\"position\":3,\"name\":\"Interiorisme\"}]},{\"@type\":\"WebSite\",\"@id\":\"https:\/\/apcataller.com\/ca\/#website\",\"url\":\"https:\/\/apcataller.com\/ca\/\",\"name\":\"APCA Taller\",\"description\":\"Taller de Arquitectura, interiorismo y urbanismo\",\"potentialAction\":[{\"@type\":\"SearchAction\",\"target\":{\"@type\":\"EntryPoint\",\"urlTemplate\":\"https:\/\/apcataller.com\/ca\/?s={search_term_string}\"},\"query-input\":\"required name=search_term_string\"}],\"inLanguage\":\"ca\"}]}<\/script>\n<!-- \/ Yoast SEO plugin. -->","yoast_head_json":{"title":"Interiorisme - APCA Taller","robots":{"index":"index","follow":"follow","max-snippet":"max-snippet:-1","max-image-preview":"max-image-preview:large","max-video-preview":"max-video-preview:-1"},"canonical":"https:\/\/apcataller.com\/ca\/serveis\/interiorisme\/","og_locale":"ca_ES","og_type":"article","og_title":"Interiorisme - APCA Taller","og_description":"Millora, adaptaci\u00f3 o adequaci\u00f3 d\u2019una construcci\u00f3 ja existent. Ens permet la personalitzaci\u00f3 d\u2019espais i concepci\u00f3 d\u2019un ambient a la mida de les persones que en faran \u00fas. Atenci\u00f3 als detalls i selecci\u00f3 dels materials m\u00e9s indicats. Control total del pressupost evitant possibles desviacions i minimitzant el risc a causa d\u2019imprevistos. Permet al client despreocupar-se de [&hellip;]","og_url":"https:\/\/apcataller.com\/ca\/serveis\/interiorisme\/","og_site_name":"APCA Taller","article_modified_time":"2023-01-19T13:10:03+00:00","twitter_card":"summary_large_image","twitter_misc":{"Temps estimat de lectura":"1 minut"},"schema":{"@context":"https:\/\/schema.org","@graph":[{"@type":"WebPage","@id":"https:\/\/apcataller.com\/ca\/serveis\/interiorisme\/","url":"https:\/\/apcataller.com\/ca\/serveis\/interiorisme\/","name":"Interiorisme - APCA Taller","isPartOf":{"@id":"https:\/\/apcataller.com\/ca\/#website"},"datePublished":"2022-10-20T09:47:52+00:00","dateModified":"2023-01-19T13:10:03+00:00","breadcrumb":{"@id":"https:\/\/apcataller.com\/ca\/serveis\/interiorisme\/#breadcrumb"},"inLanguage":"ca","potentialAction":[{"@type":"ReadAction","target":["https:\/\/apcataller.com\/ca\/serveis\/interiorisme\/"]}]},{"@type":"BreadcrumbList","@id":"https:\/\/apcataller.com\/ca\/serveis\/interiorisme\/#breadcrumb","itemListElement":[{"@type":"ListItem","position":1,"name":"Inici","item":"https:\/\/apcataller.com\/ca\/"},{"@type":"ListItem","position":2,"name":"Serveis","item":"https:\/\/apcataller.com\/ca\/serveis\/"},{"@type":"ListItem","position":3,"name":"Interiorisme"}]},{"@type":"WebSite","@id":"https:\/\/apcataller.com\/ca\/#website","url":"https:\/\/apcataller.com\/ca\/","name":"APCA Taller","description":"Taller de Arquitectura, interiorismo y urbanismo","potentialAction":[{"@type":"SearchAction","target":{"@type":"EntryPoint","urlTemplate":"https:\/\/apcataller.com\/ca\/?s={search_term_string}"},"query-input":"required name=search_term_string"}],"inLanguage":"ca"}]}},"_links":{"self":[{"href":"https:\/\/apcataller.com\/ca\/wp-json\/wp\/v2\/pages\/2749","targetHints":{"allow":["GET"]}}],"collection":[{"href":"https:\/\/apcataller.com\/ca\/wp-json\/wp\/v2\/pages"}],"about":[{"href":"https:\/\/apcataller.com\/ca\/wp-json\/wp\/v2\/types\/page"}],"author":[{"embeddable":true,"href":"https:\/\/apcataller.com\/ca\/wp-json\/wp\/v2\/users\/1"}],"replies":[{"embeddable":true,"href":"https:\/\/apcataller.com\/ca\/wp-json\/wp\/v2\/comments?post=2749"}],"version-history":[{"count":6,"href":"https:\/\/apcataller.com\/ca\/wp-json\/wp\/v2\/pages\/2749\/revisions"}],"predecessor-version":[{"id":3267,"href":"https:\/\/apcataller.com\/ca\/wp-json\/wp\/v2\/pages\/2749\/revisions\/3267"}],"up":[{"embeddable":true,"href":"https:\/\/apcataller.com\/ca\/wp-json\/wp\/v2\/pages\/2733"}],"wp:attachment":[{"href":"https:\/\/apcataller.com\/ca\/wp-json\/wp\/v2\/media?parent=2749"}],"curies":[{"name":"wp","href":"https:\/\/api.w.org\/{rel}","templated":true}]}}