{"id":4496,"date":"2025-03-04T17:14:09","date_gmt":"2025-03-04T17:14:09","guid":{"rendered":"https:\/\/apcataller.com\/?page_id=4496"},"modified":"2025-03-06T08:33:00","modified_gmt":"2025-03-06T08:33:00","slug":"arquitecte-torredembarra","status":"publish","type":"page","link":"https:\/\/apcataller.com\/ca\/arquitecte-torredembarra\/","title":{"rendered":"Torredembarra"},"content":{"rendered":"\t\t<div data-elementor-type=\"wp-post\" data-elementor-id=\"4496\" class=\"elementor elementor-4496 elementor-4495\">\n\t\t\t\t\t\t\t\t\t<section class=\"elementor-section elementor-top-section elementor-element elementor-element-d33eea4 elementor-section-full_width elementor-section-height-default elementor-section-height-default\" data-id=\"d33eea4\" data-element_type=\"section\" data-settings=\"{&quot;background_background&quot;:&quot;classic&quot;}\">\n\t\t\t\t\t\t<div class=\"elementor-container elementor-column-gap-default\">\n\t\t\t\t\t<div class=\"elementor-column elementor-col-100 elementor-top-column elementor-element elementor-element-e787685\" data-id=\"e787685\" data-element_type=\"column\">\n\t\t\t<div class=\"elementor-widget-wrap elementor-element-populated\">\n\t\t\t\t\t\t\t\t<div class=\"elementor-element elementor-element-bbfc2e3 elementor-widget elementor-widget-heading\" data-id=\"bbfc2e3\" data-element_type=\"widget\" data-widget_type=\"heading.default\">\n\t\t\t\t<div class=\"elementor-widget-container\">\n\t\t\t<style>\/*! elementor - v3.10.1 - 17-01-2023 *\/\n.elementor-heading-title{padding:0;margin:0;line-height:1}.elementor-widget-heading .elementor-heading-title[class*=elementor-size-]>a{color:inherit;font-size:inherit;line-height:inherit}.elementor-widget-heading .elementor-heading-title.elementor-size-small{font-size:15px}.elementor-widget-heading .elementor-heading-title.elementor-size-medium{font-size:19px}.elementor-widget-heading .elementor-heading-title.elementor-size-large{font-size:29px}.elementor-widget-heading .elementor-heading-title.elementor-size-xl{font-size:39px}.elementor-widget-heading .elementor-heading-title.elementor-size-xxl{font-size:59px}<\/style><h1 class=\"elementor-heading-title elementor-size-default\">Torredembarra<\/h1>\t\t<\/div>\n\t\t\t\t<\/div>\n\t\t\t\t<div class=\"elementor-element elementor-element-ff3df20 elementor-widget elementor-widget-breadcrumbs\" data-id=\"ff3df20\" data-element_type=\"widget\" data-widget_type=\"breadcrumbs.default\">\n\t\t\t\t<div class=\"elementor-widget-container\">\n\t\t\t<p id=\"breadcrumbs\"><span><span><a href=\"https:\/\/apcataller.com\/ca\/\">Inici<\/a><\/span><\/span><\/p>\t\t<\/div>\n\t\t\t\t<\/div>\n\t\t\t\t\t<\/div>\n\t\t<\/div>\n\t\t\t\t\t\t\t<\/div>\n\t\t<\/section>\n\t\t\t\t<section class=\"elementor-section elementor-top-section elementor-element elementor-element-d570541 elementor-section-full_width elementor-section-content-top elementor-section-height-default elementor-section-height-default\" data-id=\"d570541\" data-element_type=\"section\">\n\t\t\t\t\t\t<div class=\"elementor-container elementor-column-gap-wider\">\n\t\t\t\t\t<div class=\"elementor-column elementor-col-50 elementor-top-column elementor-element elementor-element-04e189c\" data-id=\"04e189c\" data-element_type=\"column\">\n\t\t\t<div class=\"elementor-widget-wrap elementor-element-populated\">\n\t\t\t\t\t\t\t\t<div class=\"elementor-element elementor-element-0dd7800 elementor-widget elementor-widget-text-editor\" data-id=\"0dd7800\" data-element_type=\"widget\" data-widget_type=\"text-editor.default\">\n\t\t\t\t<div class=\"elementor-widget-container\">\n\t\t\t<style>\/*! elementor - v3.10.1 - 17-01-2023 *\/\n.elementor-widget-text-editor.elementor-drop-cap-view-stacked .elementor-drop-cap{background-color:#818a91;color:#fff}.elementor-widget-text-editor.elementor-drop-cap-view-framed .elementor-drop-cap{color:#818a91;border:3px solid;background-color:transparent}.elementor-widget-text-editor:not(.elementor-drop-cap-view-default) .elementor-drop-cap{margin-top:8px}.elementor-widget-text-editor:not(.elementor-drop-cap-view-default) .elementor-drop-cap-letter{width:1em;height:1em}.elementor-widget-text-editor .elementor-drop-cap{float:left;text-align:center;line-height:1;font-size:50px}.elementor-widget-text-editor .elementor-drop-cap-letter{display:inline-block}<\/style>\t\t\t\t<p>Submergeix-te en el m\u00f3n del disseny arquitect\u00f2nic amb el nostre estudi a Salou, expandint la nostra influ\u00e8ncia a projectes destacats a Torredembarra.<\/p>\n<p>Especialitzats en obra nova, rehabilitaci\u00f3, direcci\u00f3 art\u00edstica i interiorisme, oferim solucions innovadores que transformen espais amb estil i precisi\u00f3. Amb una s\u00f2lida pres\u00e8ncia a Torredembarra, hem deixat la nostra marca en nombrosos projectes d&#8217;\u00e8xit. Des de la creaci\u00f3 de noves estructures fins a la revitalitzaci\u00f3 d&#8217;edificis hist\u00f2rics, la nostra experi\u00e8ncia garanteix resultats excepcionals a cada projecte.<\/p>\n<p>Confia en nosaltres per ser el teu soci en la realitzaci\u00f3 de la teva reforma arquitect\u00f2nica, portant la bellesa i la funcionalitat a cada rac\u00f3 de Torredembarra.<\/p>\n\t\t\t\t\t\t<\/div>\n\t\t\t\t<\/div>\n\t\t\t\t\t<\/div>\n\t\t<\/div>\n\t\t\t\t<div class=\"elementor-column elementor-col-50 elementor-top-column elementor-element elementor-element-335b45e\" data-id=\"335b45e\" data-element_type=\"column\" data-settings=\"{&quot;background_background&quot;:&quot;classic&quot;}\">\n\t\t\t<div class=\"elementor-widget-wrap\">\n\t\t\t\t\t\t\t\t\t<\/div>\n\t\t<\/div>\n\t\t\t\t\t\t\t<\/div>\n\t\t<\/section>\n\t\t\t\t<section class=\"elementor-section elementor-top-section elementor-element elementor-element-c337565 elementor-section-full_width elementor-section-content-middle elementor-section-height-default elementor-section-height-default\" data-id=\"c337565\" data-element_type=\"section\">\n\t\t\t\t\t\t<div class=\"elementor-container elementor-column-gap-default\">\n\t\t\t\t\t<div class=\"elementor-column elementor-col-50 elementor-top-column elementor-element elementor-element-3ac465e\" data-id=\"3ac465e\" data-element_type=\"column\" data-settings=\"{&quot;background_background&quot;:&quot;slideshow&quot;,&quot;background_slideshow_gallery&quot;:[{&quot;id&quot;:414,&quot;url&quot;:&quot;https:\\\/\\\/apcataller.com\\\/wp-content\\\/uploads\\\/2022\\\/09\\\/Planols.jpg&quot;},{&quot;id&quot;:1810,&quot;url&quot;:&quot;https:\\\/\\\/apcataller.com\\\/wp-content\\\/uploads\\\/2022\\\/12\\\/Xalet-Mestres_2.jpg&quot;},{&quot;id&quot;:1745,&quot;url&quot;:&quot;https:\\\/\\\/apcataller.com\\\/wp-content\\\/uploads\\\/2022\\\/12\\\/24-HPO_1.jpg&quot;},{&quot;id&quot;:1795,&quot;url&quot;:&quot;https:\\\/\\\/apcataller.com\\\/wp-content\\\/uploads\\\/2022\\\/12\\\/Xalet-Mestres_1.jpg&quot;},{&quot;id&quot;:1716,&quot;url&quot;:&quot;https:\\\/\\\/apcataller.com\\\/wp-content\\\/uploads\\\/2022\\\/12\\\/Parchis_4.jpg&quot;}],&quot;background_slideshow_loop&quot;:&quot;yes&quot;,&quot;background_slideshow_slide_duration&quot;:5000,&quot;background_slideshow_slide_transition&quot;:&quot;fade&quot;,&quot;background_slideshow_transition_duration&quot;:500}\">\n\t\t\t<div class=\"elementor-widget-wrap elementor-element-populated\">\n\t\t\t\t\t\t\t\t<div class=\"elementor-element elementor-element-7dcf11f elementor-widget elementor-widget-spacer\" data-id=\"7dcf11f\" data-element_type=\"widget\" data-widget_type=\"spacer.default\">\n\t\t\t\t<div class=\"elementor-widget-container\">\n\t\t\t<style>\/*! elementor - v3.10.1 - 17-01-2023 *\/\n.elementor-column .elementor-spacer-inner{height:var(--spacer-size)}.e-con{--container-widget-width:100%}.e-con-inner>.elementor-widget-spacer,.e-con>.elementor-widget-spacer{width:var(--container-widget-width,var(--spacer-size));--align-self:var(--container-widget-align-self,initial);--flex-shrink:0}.e-con-inner>.elementor-widget-spacer>.elementor-widget-container,.e-con-inner>.elementor-widget-spacer>.elementor-widget-container>.elementor-spacer,.e-con>.elementor-widget-spacer>.elementor-widget-container,.e-con>.elementor-widget-spacer>.elementor-widget-container>.elementor-spacer{height:100%}.e-con-inner>.elementor-widget-spacer>.elementor-widget-container>.elementor-spacer>.elementor-spacer-inner,.e-con>.elementor-widget-spacer>.elementor-widget-container>.elementor-spacer>.elementor-spacer-inner{height:var(--container-widget-height,var(--spacer-size))}<\/style>\t\t<div class=\"elementor-spacer\">\n\t\t\t<div class=\"elementor-spacer-inner\"><\/div>\n\t\t<\/div>\n\t\t\t\t<\/div>\n\t\t\t\t<\/div>\n\t\t\t\t\t<\/div>\n\t\t<\/div>\n\t\t\t\t<div data-dce-background-color=\"#000000\" class=\"elementor-column elementor-col-50 elementor-top-column elementor-element elementor-element-1fb1be7\" data-id=\"1fb1be7\" data-element_type=\"column\" data-settings=\"{&quot;background_background&quot;:&quot;classic&quot;}\">\n\t\t\t<div class=\"elementor-widget-wrap elementor-element-populated\">\n\t\t\t\t\t\t\t\t<div class=\"elementor-element elementor-element-2e0f383 elementor-widget elementor-widget-heading\" data-id=\"2e0f383\" data-element_type=\"widget\" data-widget_type=\"heading.default\">\n\t\t\t\t<div class=\"elementor-widget-container\">\n\t\t\t<h2 class=\"elementor-heading-title elementor-size-default\">Taller Antoni Pinyol Cort Associats.<\/h2>\t\t<\/div>\n\t\t\t\t<\/div>\n\t\t\t\t<div class=\"elementor-element elementor-element-6892a05 elementor-widget elementor-widget-text-editor\" data-id=\"6892a05\" data-element_type=\"widget\" data-widget_type=\"text-editor.default\">\n\t\t\t\t<div class=\"elementor-widget-container\">\n\t\t\t\t\t\t\t<p>Taller multidisciplinar amb intervencions d\u2019arquitectura, interiorisme, urbanisme i direcci\u00f3 creativa amb m\u00e9s de 500.000 m\u00b2 constru\u00efts d&#8217;obra p\u00fablica i privada amb diferents usos i tipologies.<\/p>\n\t\t\t\t\t\t<\/div>\n\t\t\t\t<\/div>\n\t\t\t\t\t<\/div>\n\t\t<\/div>\n\t\t\t\t\t\t\t<\/div>\n\t\t<\/section>\n\t\t\t\t<section class=\"elementor-section elementor-top-section elementor-element elementor-element-cdbfcc9 elementor-section-full_width elementor-section-height-default elementor-section-height-default\" data-id=\"cdbfcc9\" data-element_type=\"section\" data-settings=\"{&quot;background_background&quot;:&quot;classic&quot;}\">\n\t\t\t\t\t\t<div class=\"elementor-container elementor-column-gap-default\">\n\t\t\t\t\t<div class=\"elementor-column elementor-col-100 elementor-top-column elementor-element elementor-element-aeaadb6\" data-id=\"aeaadb6\" data-element_type=\"column\">\n\t\t\t<div class=\"elementor-widget-wrap elementor-element-populated\">\n\t\t\t\t\t\t\t\t<div class=\"elementor-element elementor-element-5a7200f elementor-widget__width-auto elementor-view-default elementor-widget elementor-widget-icon\" data-id=\"5a7200f\" data-element_type=\"widget\" data-widget_type=\"icon.default\">\n\t\t\t\t<div class=\"elementor-widget-container\">\n\t\t\t\t\t<div class=\"elementor-icon-wrapper\">\n\t\t\t<a class=\"elementor-icon elementor-animation-skew\" href=\"https:\/\/apcataller.com\/ca\/projectes\/\">\n\t\t\t<svg xmlns=\"http:\/\/www.w3.org\/2000\/svg\" width=\"62\" height=\"61\" viewBox=\"0 0 62 61\" fill=\"none\"><path d=\"M28.16 0.519999H33.8V28H61.76V33.64H33.8V61H28.16V33.64H0.0800002V28H28.16V0.519999Z\" fill=\"black\"><\/path><\/svg>\t\t\t<\/a>\n\t\t<\/div>\n\t\t\t\t<\/div>\n\t\t\t\t<\/div>\n\t\t\t\t<div class=\"elementor-element elementor-element-16f3edc elementor-widget__width-auto elementor-widget elementor-widget-heading\" data-id=\"16f3edc\" data-element_type=\"widget\" data-widget_type=\"heading.default\">\n\t\t\t\t<div class=\"elementor-widget-container\">\n\t\t\t<h3 class=\"elementor-heading-title elementor-size-default\"><a href=\"https:\/\/apcataller.com\/ca\/projectes\/\">Veure Projectes a Torredembarra<\/a><\/h3>\t\t<\/div>\n\t\t\t\t<\/div>\n\t\t\t\t\t<\/div>\n\t\t<\/div>\n\t\t\t\t\t\t\t<\/div>\n\t\t<\/section>\n\t\t\t\t<section class=\"elementor-section elementor-top-section elementor-element elementor-element-a4f752a elementor-section-full_width elementor-section-height-default elementor-section-height-default\" data-id=\"a4f752a\" data-element_type=\"section\">\n\t\t\t\t\t\t<div class=\"elementor-container elementor-column-gap-default\">\n\t\t\t\t\t<div class=\"elementor-column elementor-col-100 elementor-top-column elementor-element elementor-element-e3beb07\" data-id=\"e3beb07\" data-element_type=\"column\">\n\t\t\t<div class=\"elementor-widget-wrap elementor-element-populated\">\n\t\t\t\t\t\t\t\t<div class=\"elementor-element elementor-element-89ce90a elementor-grid-5 elementor-grid-tablet-2 elementor-grid-mobile-1 elementor-widget elementor-widget-portfolio\" data-id=\"89ce90a\" data-element_type=\"widget\" data-settings=\"{&quot;item_ratio&quot;:{&quot;unit&quot;:&quot;px&quot;,&quot;size&quot;:1,&quot;sizes&quot;:[]},&quot;columns&quot;:&quot;5&quot;,&quot;columns_tablet&quot;:&quot;2&quot;,&quot;columns_mobile&quot;:&quot;1&quot;,&quot;item_gap&quot;:{&quot;unit&quot;:&quot;px&quot;,&quot;size&quot;:&quot;&quot;,&quot;sizes&quot;:[]},&quot;row_gap&quot;:{&quot;unit&quot;:&quot;px&quot;,&quot;size&quot;:&quot;&quot;,&quot;sizes&quot;:[]}}\" data-widget_type=\"portfolio.default\">\n\t\t\t\t<div class=\"elementor-widget-container\">\n\t\t\t<link rel=\"stylesheet\" href=\"https:\/\/apcataller.com\/wp-content\/plugins\/elementor-pro\/assets\/css\/widget-posts.min.css\">\t\t<div class=\"elementor-portfolio elementor-grid elementor-posts-container\">\n\t\t\t\t<article class=\"elementor-portfolio-item elementor-post elementor-filter-45 post-2532 portfolio type-portfolio status-publish has-post-thumbnail hentry portfolio_category-arquitectura-ca portfolio_tag-tarragona\">\n\t\t\t<a class=\"elementor-post__thumbnail__link\" href=\"https:\/\/apcataller.com\/ca\/projecte\/gomez\/\">\n\t\t\t\t<div class=\"elementor-portfolio-item__img elementor-post__thumbnail\">\n\t\t\t<img decoding=\"async\" src=\"https:\/\/apcataller.com\/wp-content\/uploads\/2022\/12\/Gomez.jpg\" title=\"Gomez\" alt=\"Gomez\" loading=\"lazy\" \/>\t\t<\/div>\n\t\t\t\t<div class=\"elementor-portfolio-item__overlay\">\n\t\t\t\t<h3 class=\"elementor-portfolio-item__title\">\n\t\tGomez\t\t<\/h3>\n\t\t\t\t<\/div>\n\t\t\t\t<\/a>\n\t\t<\/article>\n\t\t\t\t<article class=\"elementor-portfolio-item elementor-post elementor-filter-45 post-2540 portfolio type-portfolio status-publish has-post-thumbnail hentry portfolio_category-arquitectura-ca portfolio_tag-tarragona\">\n\t\t\t<a class=\"elementor-post__thumbnail__link\" href=\"https:\/\/apcataller.com\/ca\/projecte\/comella\/\">\n\t\t\t\t<div class=\"elementor-portfolio-item__img elementor-post__thumbnail\">\n\t\t\t<img decoding=\"async\" src=\"https:\/\/apcataller.com\/wp-content\/uploads\/2022\/12\/La-Comella_1.jpg\" title=\"La-Comella_1\" alt=\"La-Comella_1\" loading=\"lazy\" \/>\t\t<\/div>\n\t\t\t\t<div class=\"elementor-portfolio-item__overlay\">\n\t\t\t\t<h3 class=\"elementor-portfolio-item__title\">\n\t\tComella\t\t<\/h3>\n\t\t\t\t<\/div>\n\t\t\t\t<\/a>\n\t\t<\/article>\n\t\t\t\t<article class=\"elementor-portfolio-item elementor-post elementor-filter-45 post-2516 portfolio type-portfolio status-publish has-post-thumbnail hentry portfolio_category-arquitectura-ca portfolio_tag-tarragona\">\n\t\t\t<a class=\"elementor-post__thumbnail__link\" href=\"https:\/\/apcataller.com\/ca\/projecte\/quatrevents\/\">\n\t\t\t\t<div class=\"elementor-portfolio-item__img elementor-post__thumbnail\">\n\t\t\t<img decoding=\"async\" src=\"https:\/\/apcataller.com\/wp-content\/uploads\/2022\/12\/Quatrevents.jpg\" title=\"Quatrevents\" alt=\"Quatrevents\" loading=\"lazy\" \/>\t\t<\/div>\n\t\t\t\t<div class=\"elementor-portfolio-item__overlay\">\n\t\t\t\t<h3 class=\"elementor-portfolio-item__title\">\n\t\tQuatrevents\t\t<\/h3>\n\t\t\t\t<\/div>\n\t\t\t\t<\/a>\n\t\t<\/article>\n\t\t\t\t<\/div>\n\t\t\t\t<\/div>\n\t\t\t\t<\/div>\n\t\t\t\t\t<\/div>\n\t\t<\/div>\n\t\t\t\t\t\t\t<\/div>\n\t\t<\/section>\n\t\t\t\t\t\t\t<\/div>\n\t\t","protected":false},"excerpt":{"rendered":"<p>Submergeix-te en el m\u00f3n del disseny arquitect\u00f2nic amb el nostre estudi a Salou, expandint la nostra influ\u00e8ncia a projectes destacats a Torredembarra. Especialitzats en obra nova, rehabilitaci\u00f3, direcci\u00f3 art\u00edstica i interiorisme, oferim solucions innovadores que transformen espais amb estil i precisi\u00f3. Amb una s\u00f2lida pres\u00e8ncia a Torredembarra, hem deixat la nostra marca en nombrosos projectes [&hellip;]<\/p>\n","protected":false},"author":1,"featured_media":0,"parent":0,"menu_order":0,"comment_status":"closed","ping_status":"closed","template":"elementor_header_footer","meta":{"footnotes":""},"class_list":["post-4496","page","type-page","status-publish","hentry"],"yoast_head":"<!-- This site is optimized with the Yoast SEO plugin v20.0 - https:\/\/yoast.com\/wordpress\/plugins\/seo\/ -->\n<title>Arquitecte Torredembarra - APCA - Estudi Creatiu d&#039;Arquitectura<\/title>\n<meta name=\"description\" content=\"Estudi d&#039;arquitectura amb projectes a Torredembarra. Arquitecte especialitzat obra nova, rehabilitaci\u00f3, adre\u00e7a art\u00edstica i interiorisme.\" \/>\n<meta name=\"robots\" content=\"index, follow, max-snippet:-1, max-image-preview:large, max-video-preview:-1\" \/>\n<link rel=\"canonical\" href=\"https:\/\/apcataller.com\/ca\/arquitecte-torredembarra\/\" \/>\n<meta property=\"og:locale\" content=\"ca_ES\" \/>\n<meta property=\"og:type\" content=\"article\" \/>\n<meta property=\"og:title\" content=\"Arquitecte Torredembarra - APCA - Estudi Creatiu d&#039;Arquitectura\" \/>\n<meta property=\"og:description\" content=\"Estudi d&#039;arquitectura amb projectes a Torredembarra. Arquitecte especialitzat obra nova, rehabilitaci\u00f3, adre\u00e7a art\u00edstica i interiorisme.\" \/>\n<meta property=\"og:url\" content=\"https:\/\/apcataller.com\/ca\/arquitecte-torredembarra\/\" \/>\n<meta property=\"og:site_name\" content=\"APCA Taller\" \/>\n<meta property=\"article:modified_time\" content=\"2025-03-06T08:33:00+00:00\" \/>\n<meta name=\"twitter:card\" content=\"summary_large_image\" \/>\n<meta name=\"twitter:label1\" content=\"Temps estimat de lectura\" \/>\n\t<meta name=\"twitter:data1\" content=\"1 minut\" \/>\n<script type=\"application\/ld+json\" class=\"yoast-schema-graph\">{\"@context\":\"https:\/\/schema.org\",\"@graph\":[{\"@type\":\"WebPage\",\"@id\":\"https:\/\/apcataller.com\/ca\/arquitecte-torredembarra\/\",\"url\":\"https:\/\/apcataller.com\/ca\/arquitecte-torredembarra\/\",\"name\":\"Arquitecte Torredembarra - APCA - Estudi Creatiu d'Arquitectura\",\"isPartOf\":{\"@id\":\"https:\/\/apcataller.com\/ca\/#website\"},\"datePublished\":\"2025-03-04T17:14:09+00:00\",\"dateModified\":\"2025-03-06T08:33:00+00:00\",\"description\":\"Estudi d'arquitectura amb projectes a Torredembarra. Arquitecte especialitzat obra nova, rehabilitaci\u00f3, adre\u00e7a art\u00edstica i interiorisme.\",\"breadcrumb\":{\"@id\":\"https:\/\/apcataller.com\/ca\/arquitecte-torredembarra\/#breadcrumb\"},\"inLanguage\":\"ca\",\"potentialAction\":[{\"@type\":\"ReadAction\",\"target\":[\"https:\/\/apcataller.com\/ca\/arquitecte-torredembarra\/\"]}]},{\"@type\":\"BreadcrumbList\",\"@id\":\"https:\/\/apcataller.com\/ca\/arquitecte-torredembarra\/#breadcrumb\",\"itemListElement\":[{\"@type\":\"ListItem\",\"position\":1,\"name\":\"Inici\",\"item\":\"https:\/\/apcataller.com\/ca\/\"},{\"@type\":\"ListItem\",\"position\":2,\"name\":\"Torredembarra\"}]},{\"@type\":\"WebSite\",\"@id\":\"https:\/\/apcataller.com\/ca\/#website\",\"url\":\"https:\/\/apcataller.com\/ca\/\",\"name\":\"APCA Taller\",\"description\":\"Taller de Arquitectura, interiorismo y urbanismo\",\"potentialAction\":[{\"@type\":\"SearchAction\",\"target\":{\"@type\":\"EntryPoint\",\"urlTemplate\":\"https:\/\/apcataller.com\/ca\/?s={search_term_string}\"},\"query-input\":\"required name=search_term_string\"}],\"inLanguage\":\"ca\"}]}<\/script>\n<!-- \/ Yoast SEO plugin. -->","yoast_head_json":{"title":"Arquitecte Torredembarra - APCA - Estudi Creatiu d'Arquitectura","description":"Estudi d'arquitectura amb projectes a Torredembarra. Arquitecte especialitzat obra nova, rehabilitaci\u00f3, adre\u00e7a art\u00edstica i interiorisme.","robots":{"index":"index","follow":"follow","max-snippet":"max-snippet:-1","max-image-preview":"max-image-preview:large","max-video-preview":"max-video-preview:-1"},"canonical":"https:\/\/apcataller.com\/ca\/arquitecte-torredembarra\/","og_locale":"ca_ES","og_type":"article","og_title":"Arquitecte Torredembarra - APCA - Estudi Creatiu d'Arquitectura","og_description":"Estudi d'arquitectura amb projectes a Torredembarra. Arquitecte especialitzat obra nova, rehabilitaci\u00f3, adre\u00e7a art\u00edstica i interiorisme.","og_url":"https:\/\/apcataller.com\/ca\/arquitecte-torredembarra\/","og_site_name":"APCA Taller","article_modified_time":"2025-03-06T08:33:00+00:00","twitter_card":"summary_large_image","twitter_misc":{"Temps estimat de lectura":"1 minut"},"schema":{"@context":"https:\/\/schema.org","@graph":[{"@type":"WebPage","@id":"https:\/\/apcataller.com\/ca\/arquitecte-torredembarra\/","url":"https:\/\/apcataller.com\/ca\/arquitecte-torredembarra\/","name":"Arquitecte Torredembarra - APCA - Estudi Creatiu d'Arquitectura","isPartOf":{"@id":"https:\/\/apcataller.com\/ca\/#website"},"datePublished":"2025-03-04T17:14:09+00:00","dateModified":"2025-03-06T08:33:00+00:00","description":"Estudi d'arquitectura amb projectes a Torredembarra. Arquitecte especialitzat obra nova, rehabilitaci\u00f3, adre\u00e7a art\u00edstica i interiorisme.","breadcrumb":{"@id":"https:\/\/apcataller.com\/ca\/arquitecte-torredembarra\/#breadcrumb"},"inLanguage":"ca","potentialAction":[{"@type":"ReadAction","target":["https:\/\/apcataller.com\/ca\/arquitecte-torredembarra\/"]}]},{"@type":"BreadcrumbList","@id":"https:\/\/apcataller.com\/ca\/arquitecte-torredembarra\/#breadcrumb","itemListElement":[{"@type":"ListItem","position":1,"name":"Inici","item":"https:\/\/apcataller.com\/ca\/"},{"@type":"ListItem","position":2,"name":"Torredembarra"}]},{"@type":"WebSite","@id":"https:\/\/apcataller.com\/ca\/#website","url":"https:\/\/apcataller.com\/ca\/","name":"APCA Taller","description":"Taller de Arquitectura, interiorismo y urbanismo","potentialAction":[{"@type":"SearchAction","target":{"@type":"EntryPoint","urlTemplate":"https:\/\/apcataller.com\/ca\/?s={search_term_string}"},"query-input":"required name=search_term_string"}],"inLanguage":"ca"}]}},"_links":{"self":[{"href":"https:\/\/apcataller.com\/ca\/wp-json\/wp\/v2\/pages\/4496","targetHints":{"allow":["GET"]}}],"collection":[{"href":"https:\/\/apcataller.com\/ca\/wp-json\/wp\/v2\/pages"}],"about":[{"href":"https:\/\/apcataller.com\/ca\/wp-json\/wp\/v2\/types\/page"}],"author":[{"embeddable":true,"href":"https:\/\/apcataller.com\/ca\/wp-json\/wp\/v2\/users\/1"}],"replies":[{"embeddable":true,"href":"https:\/\/apcataller.com\/ca\/wp-json\/wp\/v2\/comments?post=4496"}],"version-history":[{"count":7,"href":"https:\/\/apcataller.com\/ca\/wp-json\/wp\/v2\/pages\/4496\/revisions"}],"predecessor-version":[{"id":4568,"href":"https:\/\/apcataller.com\/ca\/wp-json\/wp\/v2\/pages\/4496\/revisions\/4568"}],"wp:attachment":[{"href":"https:\/\/apcataller.com\/ca\/wp-json\/wp\/v2\/media?parent=4496"}],"curies":[{"name":"wp","href":"https:\/\/api.w.org\/{rel}","templated":true}]}}